{"id":79,"date":"2015-11-11T21:58:56","date_gmt":"2015-11-11T20:58:56","guid":{"rendered":"http:\/\/www.ff-grossotten.at\/?page_id=79"},"modified":"2021-01-01T11:36:22","modified_gmt":"2021-01-01T10:36:22","slug":"geschichte-der-feuerwehr","status":"publish","type":"page","link":"https:\/\/www.ff-grossotten.at\/?page_id=79","title":{"rendered":"Zur Geschichte der Feuerwehr"},"content":{"rendered":"<h3>\u00dcber die Anf\u00e4nge des Feuerwehrwesens<\/h3>\n<p>Funde aus der R\u00f6merzeit (Carnuntum bei Petronell) belegen, dass bereits 100 \u2013 200 n. Chr. mit der organisierten Brandbek\u00e4mpfung in Nieder\u00f6sterreich begonnen wurde. Im 4. Jahrhundert n. Chr. verlieren sich jedoch die Spuren des r\u00f6mischen L\u00f6schwesens in unserem Bundesland aufgrund der V\u00f6lkerwanderung. Erst im Mittelalter zeigten sich wieder Ans\u00e4tze zur neuerlichen Entwicklung der Brandbek\u00e4mpfung. Als L\u00f6schger\u00e4te verwendete man vorerst L\u00f6scheimer, mit denen das Wasser \u00fcber eine Menschenkette von den Wasserstellen zum Brandherd bef\u00f6rdert wurde. Gegen Ende des 18. Jahrhunderts schrieb dann das Kreisamt in Krems bereits die Anschaffung von Feuerl\u00f6schger\u00e4tschaften wie Handspritzen, \u201eAmpern\u2015, Feuerhaken, Krampen und Laternen in Pfarren sowie in Guts- und Freih\u00f6fen vor. Au\u00dferdem verpflichtete die schon damals bestehende Feuerordnung besonders die Handwerksleute, nach bestimmten Einteilungen, bei Br\u00e4nden Hilfe zu leisten. Jedoch reichten die einfachen L\u00f6schger\u00e4te bald nicht mehr aus, so dass von den Gemeinden Handdruckspritzen angeschafft wurden, die von Pferden gezogen wurden.<\/p>\n<p>Als Gr\u00fcndungsjahr der Berufsfeuerwehr Wien, welche als \u00e4lteste Berufsfeuerwehr der Welt gilt, wird das Jahr 1686 angegeben. In diesem Jahr stellte die Stadt 4 st\u00e4ndige Feuerknechte in den Dienst der Stadt.\u00a0 Im Jahr 1831 wurde die Erste freiwillige Werksfeuerwehr in der kaiserlichk\u00f6niglichen Tabakfabrik Schwaz in Tirol gegr\u00fcndet. 1857 wurde die erste Freiwillige Feuerwehr in Innsbruck gegr\u00fcndet. Der Gr\u00fcndungsprozess vieler folgender freiwilliger Feuerwehren hat sich danach aus Turnervereinen vollzogen.<\/p>\n<p>Im Bezirk Gm\u00fcnd wurde die erste Freiwillige Feuerwehr in Schrems im Jahr 1870 gegr\u00fcndet. Bald darauf wurden dann auch die ersten Freiwilligen Feuerwehren im Bereich der Gemeinde Gro\u00dfsch\u00f6nau gegr\u00fcndet. Es waren dies: 1875 Gro\u00dfsch\u00f6nau, 1900 Engelstein und 1910 Gro\u00dfotten.<\/p>\n","protected":false},"excerpt":{"rendered":"<p>\u00dcber die Anf\u00e4nge des Feuerwehrwesens Funde aus der R\u00f6merzeit (Carnuntum bei Petronell) belegen, dass bereits 100 \u2013 200 n. Chr. mit der organisierten Brandbek\u00e4mpfung in Nieder\u00f6sterreich begonnen wurde. Im 4. <a href=\"https:\/\/www.ff-grossotten.at\/?page_id=79\" class=\"more-link\">[&hellip;]<\/a><\/p>\n","protected":false},"author":1,"featured_media":0,"parent":0,"menu_order":0,"comment_status":"closed","ping_status":"closed","template":"","meta":{"sfsi_plus_gutenberg_text_before_share":"","sfsi_plus_gutenberg_show_text_before_share":"","sfsi_plus_gutenberg_icon_type":"","sfsi_plus_gutenberg_icon_alignemt":"","sfsi_plus_gutenburg_max_per_row":"","Layout":"1c","footnotes":""},"class_list":["entry","author-admin_ffgr-otten","post-79","page","type-page","status-publish"],"_links":{"self":[{"href":"https:\/\/www.ff-grossotten.at\/index.php?rest_route=\/wp\/v2\/pages\/79","targetHints":{"allow":["GET"]}}],"collection":[{"href":"https:\/\/www.ff-grossotten.at\/index.php?rest_route=\/wp\/v2\/pages"}],"about":[{"href":"https:\/\/www.ff-grossotten.at\/index.php?rest_route=\/wp\/v2\/types\/page"}],"author":[{"embeddable":true,"href":"https:\/\/www.ff-grossotten.at\/index.php?rest_route=\/wp\/v2\/users\/1"}],"replies":[{"embeddable":true,"href":"https:\/\/www.ff-grossotten.at\/index.php?rest_route=%2Fwp%2Fv2%2Fcomments&post=79"}],"version-history":[{"count":6,"href":"https:\/\/www.ff-grossotten.at\/index.php?rest_route=\/wp\/v2\/pages\/79\/revisions"}],"predecessor-version":[{"id":350,"href":"https:\/\/www.ff-grossotten.at\/index.php?rest_route=\/wp\/v2\/pages\/79\/revisions\/350"}],"wp:attachment":[{"href":"https:\/\/www.ff-grossotten.at\/index.php?rest_route=%2Fwp%2Fv2%2Fmedia&parent=79"}],"curies":[{"name":"wp","href":"https:\/\/api.w.org\/{rel}","templated":true}]}}