{"id":263,"date":"2015-11-14T18:48:42","date_gmt":"2015-11-14T17:48:42","guid":{"rendered":"http:\/\/www.ff-grossotten.at\/?page_id=263"},"modified":"2022-08-30T22:10:32","modified_gmt":"2022-08-30T20:10:32","slug":"impressum","status":"publish","type":"page","link":"https:\/\/www.ff-grossotten.at\/?page_id=263","title":{"rendered":"Impressum"},"content":{"rendered":"<p><strong>Medieninhaber und Herausgeber:<\/strong><br \/>\nFreiwillige Feuerwehr\u00a0Gro\u00dfotten<\/p>\n<p>F\u00fcr den Inhalt verantwortlich:<br \/>\nOBI Josef Wei\u00df<br \/>\n3922\u00a0Gro\u00dfotten 40<br \/>\n<a href=\"mailto: kommando@ff-grossotten.at\">kommando@ff-grossotten.at<\/a><\/p>\n<p>Die Freiwillige Feuerwehr Gro\u00dfotten\u00a0erf\u00fcllt die Wahrnehmung der Aufgaben im Sinn des N\u00d6FG samt Dienstordnung und Dienstanweisungen des N\u00d6LFV. Diese Websites sind ein elektronisches Informationsmedium \u00fcber den Aufbau, die Organisation sowie Geschehnisse (z.B.: Eins\u00e4tze, \u00dcbungen, Veranstaltungen) der oben genannten Freiwilligen Feuerwehr. Die Organe dieser\u00a0sind laut \u00a7 38 N\u00d6FG der Feuerwehrkammandant und die Mitgliederversammlung der Freiwilligen Feuerwehr Gro\u00dfotten.<\/p>\n<p>Die auf den Internetseiten wiedergegebenen Inhalte dienen, trotz eingehender \u00dcberpr\u00fcfung und Kontrolle, lediglich zur Information. F\u00fcr dennoch enthaltene Fehler kann keine wie immer geartete Haftung \u00fcbernommen werden.<\/p>\n<p>Die Freiwilligen Feuerwehr Gro\u00dfotten erkl\u00e4rt sich als nicht verantwortlich f\u00fcr den Inhalt von Internetseiten, auf die mit einem Link verwiesen wird. Sie\u00a0distanziert sich hiermit ausdr\u00fccklich von deren Inhalten auf den verlinkten Seiten. Diese Regelung betrifft s\u00e4mtliche Seiten und Links auf dieser Homepage.<\/p>\n<p>Sollten auf den Internetseiten der Freiwilligen Feuerwehr Gro\u00dfotten hier irgendwelche Texte oder Bilder die Urheberrechte verletzen, schicken Sie uns bitte eine E-mail, damit wir den betreffenden Text bzw. das Bild l\u00f6schen k\u00f6nnen.<\/p>\n<p>Jede Nutzung bzw. Weiterverwendung von Inhalten (dies gilt insbesondere f\u00fcr Bilder, Grafiken, Texte und Programmcodes) au\u00dferhalb der Internetseiten der Freiwilligen Feuerwehr Gro\u00dfotten oder die Weitergabe von Inhalten auf anderen Medien bedarf ausnahmslos der schriftlichen Genehmigung des Medieninhabers.<\/p>\n<p>Wir weisen darauf hin, dass wir auf unserer Website Google Fonts verwenden. Das sind die \u201cGoogle-Schriften\u201d der Firma Google Inc. F\u00fcr den europ\u00e4ischen Raum ist das Unternehmen Google Ireland Limited (Gordon House, Barrow Street Dublin 4, Irland) f\u00fcr alle Google-Dienste verantwortlich.<\/p>\n<p>F\u00fcr die Verwendung von Google-Schriftarten m\u00fcssen Sie sich nicht anmelden bzw. ein Passwort hinterlegen. Weiters werden auch keine Cookies in Ihrem Browser gespeichert. Die Dateien (CSS, Schriftarten\/Fonts) werden \u00fcber die Google-Domains fonts.googleapis.com und fonts.gstatic.com angefordert. Laut Google sind die Anfragen nach CSS und Schriften vollkommen getrennt von allen anderen Google-Diensten. Wenn Sie ein Google-Konto haben, brauchen Sie keine Sorge haben, dass Ihre Google-Kontodaten, w\u00e4hrend der Verwendung von Google Fonts, an Google \u00fcbermittelt werden. Google erfasst die Nutzung von CSS (Cascading Style Sheets) und der verwendeten Schriftarten und speichert diese Daten.<\/p>\n<p>Mit Google Fonts k\u00f6nnen wir auf der eigenen Webseite Schriften nutzen, und m\u00fcssen sie nicht auf unserem eigenen Server bzw. auf den Server des Webhosters hochladen. Google Fonts ist ein wichtiger Baustein, um die Qualit\u00e4t unserer Webseite hoch zu halten. Alle Google-Schriften sind automatisch f\u00fcr das Web optimiert und dies spart Datenvolumen und ist speziell f\u00fcr die Verwendung bei mobilen Endger\u00e4ten ein gro\u00dfer Vorteil. Wenn Sie unsere Seite besuchen, sorgt die niedrige Dateigr\u00f6\u00dfe f\u00fcr eine schnelle Ladezeit. Des Weiteren sind Google Fonts sichere Web Fonts. Unterschiedliche Bildsynthese-Systeme (Rendering) in verschiedenen Browsern, Betriebssystemen und mobilen Endger\u00e4ten k\u00f6nnen zu Fehlern f\u00fchren. Solche Fehler k\u00f6nnen teilweise Texte bzw. ganze Webseiten optisch verzerren. Dank des schnellen Content Delivery Network (CDN) sollte es mit Google Fonts keine plattform\u00fcbergreifenden Probleme geben. Google Fonts unterst\u00fctzt alle g\u00e4ngigen Browser (Google Chrome, Mozilla Firefox, Apple Safari, Opera) und funktioniert zuverl\u00e4ssig auf den meisten modernen mobilen Betriebssystemen, einschlie\u00dflich Android 2.2+ und iOS 4.2+ (iPhone, iPad, iPod). Wir verwenden die Google Fonts also, damit wir unser gesamtes Online-Service so sch\u00f6n und einheitlich wie m\u00f6glich darstellen k\u00f6nnen.<\/p>\n<p class=\"adsimple-111726997\">Welche Daten werden von Google gespeichert? Wenn Sie unsere Webseite besuchen, werden die Schriften \u00fcber einen Google-Server nachgeladen. Durch diesen externen Aufruf werden Daten an die Google-Server \u00fcbermittelt. So erkennt Google auch, dass Sie bzw. Ihre IP-Adresse unsere Webseite besucht. Die Google Fonts API wurde entwickelt, um Verwendung, Speicherung und Erfassung von Endnutzerdaten auf das zu reduzieren, was f\u00fcr eine ordentliche Bereitstellung von Schriften n\u00f6tig ist. API steht \u00fcbrigens f\u00fcr \u201eApplication Programming Interface\u201c und dient unter anderem als Daten\u00fcbermittler im Softwarebereich. Google Fonts speichert CSS- und Schrift-Anfragen sicher bei Google (lt. eigenen Angaben) und ist somit gesch\u00fctzt. Durch die gesammelten Nutzungszahlen kann Google feststellen, wie gut die einzelnen Schriften ankommen. Die Ergebnisse ver\u00f6ffentlicht Google auf internen Analyseseiten, wie beispielsweise Google Analytics. Zudem verwendet Google auch Daten des eigenen Web-Crawlers, um festzustellen, welche Webseiten Google-Schriften verwenden. Diese Daten werden in der BigQuery-Datenbank von Google Fonts ver\u00f6ffentlicht. Unternehmer und Entwickler n\u00fctzen das Google-Webservice BigQuery, um gro\u00dfe Datenmengen untersuchen und bewegen zu k\u00f6nnen. Zu bedenken gilt allerdings noch, dass durch jede Google Font Anfrage auch Informationen wie Spracheinstellungen, IP-Adresse, Version des Browsers, Bildschirmaufl\u00f6sung des Browsers und Name des Browsers automatisch an die Google-Server \u00fcbertragen werden. Ob diese Daten auch gespeichert werden, ist (f\u00fcr uns) nicht klar feststellbar.<\/p>\n<p class=\"adsimple-111726997\">Wie lange und wo werden die Daten gespeichert? Anfragen f\u00fcr CSS-Assets speichert Google (lt. eigenen Angeben) einen Tag lang auf seinen Servern, die haupts\u00e4chlich au\u00dferhalb der EU angesiedelt sind. Das erm\u00f6glicht uns, mithilfe eines Google-Stylesheets die Schriftarten zu nutzen. Ein Stylesheet ist eine Formatvorlage, \u00fcber die man einfach und schnell z.B. das Design bzw. die Schriftart einer Webseite \u00e4ndern kann. Die Font-Dateien werden bei Google ein Jahr gespeichert. Google verfolgt damit das Ziel, die Ladezeit von Webseiten grunds\u00e4tzlich zu verbessern. Wenn Millionen von Webseiten auf die gleichen Schriften verweisen, werden sie nach dem ersten Besuch zwischengespeichert und erscheinen sofort auf allen anderen sp\u00e4ter besuchten Webseiten wieder. Manchmal aktualisiert Google Schriftdateien, um die Dateigr\u00f6\u00dfe zu reduzieren, die Abdeckung von Sprache zu erh\u00f6hen und das Design zu verbessern.<\/p>\n<p class=\"adsimple-111726997\">Wie kann ich meine Daten l\u00f6schen bzw. die Datenspeicherung verhindern? Jene Daten, die Google f\u00fcr einen Tag bzw. ein Jahr speichert k\u00f6nnen nicht einfach gel\u00f6scht werden. Die Daten werden beim Seitenaufruf automatisch an Google \u00fcbermittelt. Um diese Daten vorzeitig l\u00f6schen zu k\u00f6nnen, m\u00fcssen Sie den Google-Support auf\u00a0<a class=\"adsimple-111726997\" href=\"https:\/\/support.google.com\/?hl=de&amp;tid=111726997\">https:\/\/support.google.com\/?hl=de&amp;tid=111726997<\/a>\u00a0kontaktieren. <strong>Datenspeicherung verhindern Sie in diesem Fall nur, wenn Sie unsere Seite nicht besuchen. <\/strong>Anders als andere Web-Schriften erlaubt uns Google uneingeschr\u00e4nkten Zugriff auf alle Schriftarten. Wir k\u00f6nnen also unlimitiert auf ein Meer an Schriftarten zugreifen und so das Optimum f\u00fcr unsere Webseite rausholen. Mehr zu Google Fonts und weiteren Fragen finden Sie auf\u00a0<a class=\"adsimple-111726997\" href=\"https:\/\/developers.google.com\/fonts\/faq?tid=111726997\">https:\/\/developers.google.com\/fonts\/faq?tid=111726997<\/a>. Dort geht zwar Google auf datenschutzrelevante Angelegenheiten ein, doch wirklich detaillierte Informationen \u00fcber Datenspeicherung sind nicht enthalten. Es ist relativ schwierig, von Google wirklich pr\u00e4zise Informationen \u00fcber gespeicherten Daten zu bekommen.<\/p>\n<p>Welche Daten grunds\u00e4tzlich von Google erfasst werden und wof\u00fcr diese Daten verwendet werden, k\u00f6nnen Sie auch auf\u00a0<a class=\"adsimple-111726997\" href=\"https:\/\/policies.google.com\/privacy?hl=de&amp;tid=111726997\">https:\/\/www.google.com\/intl\/de\/policies\/privacy\/<\/a>\u00a0nachlesen.<\/p>\n","protected":false},"excerpt":{"rendered":"<p>Medieninhaber und Herausgeber: Freiwillige Feuerwehr\u00a0Gro\u00dfotten F\u00fcr den Inhalt verantwortlich: OBI Josef Wei\u00df 3922\u00a0Gro\u00dfotten 40 kommando@ff-grossotten.at Die Freiwillige Feuerwehr Gro\u00dfotten\u00a0erf\u00fcllt die Wahrnehmung der Aufgaben im Sinn des N\u00d6FG samt Dienstordnung und <a href=\"https:\/\/www.ff-grossotten.at\/?page_id=263\" class=\"more-link\">[&hellip;]<\/a><\/p>\n","protected":false},"author":1,"featured_media":0,"parent":0,"menu_order":0,"comment_status":"closed","ping_status":"closed","template":"","meta":{"sfsi_plus_gutenberg_text_before_share":"","sfsi_plus_gutenberg_show_text_before_share":"","sfsi_plus_gutenberg_icon_type":"","sfsi_plus_gutenberg_icon_alignemt":"","sfsi_plus_gutenburg_max_per_row":"","Layout":"1c","footnotes":""},"class_list":["entry","author-admin_ffgr-otten","post-263","page","type-page","status-publish"],"_links":{"self":[{"href":"https:\/\/www.ff-grossotten.at\/index.php?rest_route=\/wp\/v2\/pages\/263","targetHints":{"allow":["GET"]}}],"collection":[{"href":"https:\/\/www.ff-grossotten.at\/index.php?rest_route=\/wp\/v2\/pages"}],"about":[{"href":"https:\/\/www.ff-grossotten.at\/index.php?rest_route=\/wp\/v2\/types\/page"}],"author":[{"embeddable":true,"href":"https:\/\/www.ff-grossotten.at\/index.php?rest_route=\/wp\/v2\/users\/1"}],"replies":[{"embeddable":true,"href":"https:\/\/www.ff-grossotten.at\/index.php?rest_route=%2Fwp%2Fv2%2Fcomments&post=263"}],"version-history":[{"count":14,"href":"https:\/\/www.ff-grossotten.at\/index.php?rest_route=\/wp\/v2\/pages\/263\/revisions"}],"predecessor-version":[{"id":2852,"href":"https:\/\/www.ff-grossotten.at\/index.php?rest_route=\/wp\/v2\/pages\/263\/revisions\/2852"}],"wp:attachment":[{"href":"https:\/\/www.ff-grossotten.at\/index.php?rest_route=%2Fwp%2Fv2%2Fmedia&parent=263"}],"curies":[{"name":"wp","href":"https:\/\/api.w.org\/{rel}","templated":true}]}}