{"id":252,"date":"2015-11-14T17:56:03","date_gmt":"2015-11-14T16:56:03","guid":{"rendered":"http:\/\/www.ff-grossotten.at\/?page_id=252"},"modified":"2021-01-01T11:27:12","modified_gmt":"2021-01-01T10:27:12","slug":"aktivitaeten","status":"publish","type":"page","link":"https:\/\/www.ff-grossotten.at\/?page_id=252","title":{"rendered":"Aktivit\u00e4ten"},"content":{"rendered":"<p>Die T\u00e4tigkeiten einer modernen Feuerwehr sind sehr vielf\u00e4ltig und zeitintensiv (vgl. Leistungsberichte der letzten Jahre).<\/p>\n<h3>Downloads:<\/h3>\n<p><a href=\"https:\/\/www.ff-grossotten.at\/wp-content\/uploads\/2018\/12\/Leistungsbericht-2018.pdf\" target=\"_blank\" rel=\"noopener\">Leistungsbericht 2018<\/a><\/p>\n<p><a href=\"https:\/\/www.ff-grossotten.at\/wp-content\/uploads\/2017\/12\/Leistungsbericht-2017.pdf\" target=\"_blank\" rel=\"noopener\">Leistungsbericht 2017<\/a><\/p>\n<p><a href=\"https:\/\/www.ff-grossotten.at\/wp-content\/uploads\/2015\/11\/Leistungsbericht-2014.pdf\" target=\"_blank\" rel=\"noopener\">Leistungsbericht 2014<\/a><\/p>\n<p><a href=\"https:\/\/www.ff-grossotten.at\/wp-content\/uploads\/2015\/11\/Leistungsbericht-2013.pdf\" target=\"_blank\" rel=\"noopener\">Leistungsbericht 2013<\/a><\/p>\n<p><a href=\"https:\/\/www.ff-grossotten.at\/wp-content\/uploads\/2015\/11\/Leistungsbericht-2012.pdf\" target=\"_blank\" rel=\"noopener\">Leistungsbericht 2012<\/a><\/p>\n","protected":false},"excerpt":{"rendered":"<p>Die T\u00e4tigkeiten einer modernen Feuerwehr sind sehr vielf\u00e4ltig und zeitintensiv (vgl. Leistungsberichte der letzten Jahre). Downloads: Leistungsbericht 2018 Leistungsbericht 2017 Leistungsbericht 2014 Leistungsbericht 2013 Leistungsbericht 2012<\/p>\n","protected":false},"author":1,"featured_media":0,"parent":0,"menu_order":0,"comment_status":"closed","ping_status":"closed","template":"","meta":{"sfsi_plus_gutenberg_text_before_share":"","sfsi_plus_gutenberg_show_text_before_share":"","sfsi_plus_gutenberg_icon_type":"","sfsi_plus_gutenberg_icon_alignemt":"","sfsi_plus_gutenburg_max_per_row":"","Layout":"1c","footnotes":""},"class_list":["entry","author-admin_ffgr-otten","post-252","page","type-page","status-publish"],"_links":{"self":[{"href":"https:\/\/www.ff-grossotten.at\/index.php?rest_route=\/wp\/v2\/pages\/252","targetHints":{"allow":["GET"]}}],"collection":[{"href":"https:\/\/www.ff-grossotten.at\/index.php?rest_route=\/wp\/v2\/pages"}],"about":[{"href":"https:\/\/www.ff-grossotten.at\/index.php?rest_route=\/wp\/v2\/types\/page"}],"author":[{"embeddable":true,"href":"https:\/\/www.ff-grossotten.at\/index.php?rest_route=\/wp\/v2\/users\/1"}],"replies":[{"embeddable":true,"href":"https:\/\/www.ff-grossotten.at\/index.php?rest_route=%2Fwp%2Fv2%2Fcomments&post=252"}],"version-history":[{"count":39,"href":"https:\/\/www.ff-grossotten.at\/index.php?rest_route=\/wp\/v2\/pages\/252\/revisions"}],"predecessor-version":[{"id":2558,"href":"https:\/\/www.ff-grossotten.at\/index.php?rest_route=\/wp\/v2\/pages\/252\/revisions\/2558"}],"wp:attachment":[{"href":"https:\/\/www.ff-grossotten.at\/index.php?rest_route=%2Fwp%2Fv2%2Fmedia&parent=252"}],"curies":[{"name":"wp","href":"https:\/\/api.w.org\/{rel}","templated":true}]}}