{"id":222,"date":"2015-11-14T15:30:35","date_gmt":"2015-11-14T14:30:35","guid":{"rendered":"http:\/\/www.ff-grossotten.at\/?page_id=222"},"modified":"2020-02-02T22:04:04","modified_gmt":"2020-02-02T21:04:04","slug":"links","status":"publish","type":"page","link":"https:\/\/www.ff-grossotten.at\/?page_id=222","title":{"rendered":"Links"},"content":{"rendered":"<p><a href=\"http:\/\/www.bundesfeuerwehrverband.at\/\" target=\"_blank\" rel=\"noopener noreferrer\">\u00d6sterreichischer\u00a0Bundesfeuerwehrverband<\/a><\/p>\n<p><a href=\"https:\/\/www.noe122.at\/\" target=\"_blank\" rel=\"noopener noreferrer\">Nieder\u00f6sterreichischer Landesfeuerwehrverband<\/a><\/p>\n<p><a href=\"http:\/\/www.feuerwehrschule.at\/\" target=\"_blank\" rel=\"noopener noreferrer\">Nieder\u00f6sterreichisches Feuerwehr- und Sicherheitszentrum<\/a><\/p>\n<p><a href=\"http:\/\/www.bfkdo-gmuend.at\/\" target=\"_blank\" rel=\"noopener noreferrer\">Bezirksfeuerwehrkommando Gm\u00fcnd<\/a><\/p>\n<p><a href=\"http:\/\/www.feuerwehr-gross-schoenau.info\/index.php?id=13\" target=\"_blank\" rel=\"noopener noreferrer\">Freiwillige Feuerwehr Gro\u00dfsch\u00f6nau<\/a><\/p>\n<p><a href=\"https:\/\/app.fdisk.at\/fdisk\/module\/vws\/logins\/logins.aspx\" target=\"_blank\" rel=\"noopener noreferrer\">Feuerwehrverwaltungssystem FDISK<\/a><\/p>\n<p><a href=\"http:\/\/www.grossschoenau.gv.at\/\" target=\"_blank\" rel=\"noopener noreferrer\">Marktgemeinde Gro\u00dfsch\u00f6nau<\/a><\/p>\n","protected":false},"excerpt":{"rendered":"<p>\u00d6sterreichischer\u00a0Bundesfeuerwehrverband Nieder\u00f6sterreichischer Landesfeuerwehrverband Nieder\u00f6sterreichisches Feuerwehr- und Sicherheitszentrum Bezirksfeuerwehrkommando Gm\u00fcnd Freiwillige Feuerwehr Gro\u00dfsch\u00f6nau Feuerwehrverwaltungssystem FDISK Marktgemeinde Gro\u00dfsch\u00f6nau<\/p>\n","protected":false},"author":1,"featured_media":0,"parent":0,"menu_order":0,"comment_status":"closed","ping_status":"closed","template":"","meta":{"sfsi_plus_gutenberg_text_before_share":"","sfsi_plus_gutenberg_show_text_before_share":"","sfsi_plus_gutenberg_icon_type":"","sfsi_plus_gutenberg_icon_alignemt":"","sfsi_plus_gutenburg_max_per_row":"","Layout":"2c-l","footnotes":""},"class_list":["entry","author-admin_ffgr-otten","post-222","page","type-page","status-publish"],"_links":{"self":[{"href":"https:\/\/www.ff-grossotten.at\/index.php?rest_route=\/wp\/v2\/pages\/222","targetHints":{"allow":["GET"]}}],"collection":[{"href":"https:\/\/www.ff-grossotten.at\/index.php?rest_route=\/wp\/v2\/pages"}],"about":[{"href":"https:\/\/www.ff-grossotten.at\/index.php?rest_route=\/wp\/v2\/types\/page"}],"author":[{"embeddable":true,"href":"https:\/\/www.ff-grossotten.at\/index.php?rest_route=\/wp\/v2\/users\/1"}],"replies":[{"embeddable":true,"href":"https:\/\/www.ff-grossotten.at\/index.php?rest_route=%2Fwp%2Fv2%2Fcomments&post=222"}],"version-history":[{"count":18,"href":"https:\/\/www.ff-grossotten.at\/index.php?rest_route=\/wp\/v2\/pages\/222\/revisions"}],"predecessor-version":[{"id":2553,"href":"https:\/\/www.ff-grossotten.at\/index.php?rest_route=\/wp\/v2\/pages\/222\/revisions\/2553"}],"wp:attachment":[{"href":"https:\/\/www.ff-grossotten.at\/index.php?rest_route=%2Fwp%2Fv2%2Fmedia&parent=222"}],"curies":[{"name":"wp","href":"https:\/\/api.w.org\/{rel}","templated":true}]}}