{"id":210,"date":"2015-11-13T20:55:44","date_gmt":"2015-11-13T19:55:44","guid":{"rendered":"http:\/\/www.ff-grossotten.at\/?page_id=210"},"modified":"2015-12-26T17:00:08","modified_gmt":"2015-12-26T16:00:08","slug":"buergerservice","status":"publish","type":"page","link":"https:\/\/www.ff-grossotten.at\/?page_id=210","title":{"rendered":"B\u00fcrgerservice"},"content":{"rendered":"<h3>Sirenensignale:<\/h3>\n<p><a href=\"https:\/\/www.ff-grossotten.at\/wp-content\/uploads\/2015\/11\/Sirenensignale.jpg\"><img loading=\"lazy\" decoding=\"async\" class=\"alignnone wp-image-193 size-medium\" title=\"Bild: Sirenensignale\" src=\"https:\/\/www.ff-grossotten.at\/wp-content\/uploads\/2015\/11\/Sirenensignale-300x297.jpg\" alt=\"Sirenensignale\" width=\"300\" height=\"297\" srcset=\"https:\/\/www.ff-grossotten.at\/wp-content\/uploads\/2015\/11\/Sirenensignale-300x297.jpg 300w, https:\/\/www.ff-grossotten.at\/wp-content\/uploads\/2015\/11\/Sirenensignale-150x150.jpg 150w, https:\/\/www.ff-grossotten.at\/wp-content\/uploads\/2015\/11\/Sirenensignale-1024x1013.jpg 1024w, https:\/\/www.ff-grossotten.at\/wp-content\/uploads\/2015\/11\/Sirenensignale-505x500.jpg 505w, https:\/\/www.ff-grossotten.at\/wp-content\/uploads\/2015\/11\/Sirenensignale.jpg 1146w\" sizes=\"auto, (max-width: 300px) 100vw, 300px\" \/><\/a><\/p>\n<hr \/>\n<h3>\u00a0Notrufnummern:<\/h3>\n<p><a href=\"https:\/\/www.ff-grossotten.at\/wp-content\/uploads\/2015\/12\/Notrufnummern.png\"><img loading=\"lazy\" decoding=\"async\" class=\"alignleft wp-image-904 size-medium\" title=\"Bild: Notrufnummern\" src=\"https:\/\/www.ff-grossotten.at\/wp-content\/uploads\/2015\/12\/Notrufnummern-300x56.png\" alt=\"Notrufnummern\" width=\"300\" height=\"56\" srcset=\"https:\/\/www.ff-grossotten.at\/wp-content\/uploads\/2015\/12\/Notrufnummern-300x56.png 300w, https:\/\/www.ff-grossotten.at\/wp-content\/uploads\/2015\/12\/Notrufnummern-768x143.png 768w, https:\/\/www.ff-grossotten.at\/wp-content\/uploads\/2015\/12\/Notrufnummern-1024x191.png 1024w, https:\/\/www.ff-grossotten.at\/wp-content\/uploads\/2015\/12\/Notrufnummern-1025x191.png 1025w, https:\/\/www.ff-grossotten.at\/wp-content\/uploads\/2015\/12\/Notrufnummern.png 1331w\" sizes=\"auto, (max-width: 300px) 100vw, 300px\" \/><\/a><\/p>\n<h3><\/h3>\n<p>&nbsp;<\/p>\n<p>&nbsp;<\/p>\n<hr \/>\n<h3><\/h3>\n<h3>Verhalten im Brandfall:<\/h3>\n<h4>1. Ruhe bewahren!<\/h4>\n<h4>2. Alarmieren!<\/h4>\n<p>Verst\u00e4ndigen Sie sofort die Feuerwehr<br \/>\n\u00fcber den <strong>Notruf 122<\/strong><\/p>\n<h4>3. Retten!<\/h4>\n<ul>\n<li>Retten Sie gef\u00e4hrdete Personen aus den Gefahrenbereichen, vergessen Sie jedoch nicht auf Ihre eigene Sicherheit!<\/li>\n<li>Versuchen Sie die T\u00fcren zwischen Ihnen und dem Brandraum zu schlie\u00dfen!<\/li>\n<li>Sollten Sie eingeschlossen sein machen Sie sich am Fenster den Hilfskr\u00e4ften bemerkbar!<\/li>\n<li>Verlassen Sie das Geb\u00e4ude unter Ber\u00fccksichtigung der Fluchtwege! Benutzen Sie niemals die Aufz\u00fcge dazu! Warnen Sie die anderen Personen\u00a0vor den Gefahren!<\/li>\n<\/ul>\n<h4>4. L\u00f6schen!<\/h4>\n<ul>\n<li>Versuchen Sie Kl<a href=\"https:\/\/www.ff-grossotten.at\/wp-content\/uploads\/2015\/11\/Anwendung-Feuerl\u00f6scher.jpg\"><img loading=\"lazy\" decoding=\"async\" class=\"alignleft wp-image-226 \" src=\"https:\/\/www.ff-grossotten.at\/wp-content\/uploads\/2015\/11\/Anwendung-Feuerl\u00f6scher-212x300.jpg\" alt=\"Anwendung Feuerl\u00f6scher\" width=\"204\" height=\"289\" srcset=\"https:\/\/www.ff-grossotten.at\/wp-content\/uploads\/2015\/11\/Anwendung-Feuerl\u00f6scher-212x300.jpg 212w, https:\/\/www.ff-grossotten.at\/wp-content\/uploads\/2015\/11\/Anwendung-Feuerl\u00f6scher-725x1024.jpg 725w, https:\/\/www.ff-grossotten.at\/wp-content\/uploads\/2015\/11\/Anwendung-Feuerl\u00f6scher-354x500.jpg 354w, https:\/\/www.ff-grossotten.at\/wp-content\/uploads\/2015\/11\/Anwendung-Feuerl\u00f6scher.jpg 1200w\" sizes=\"auto, (max-width: 204px) 100vw, 204px\" \/><\/a>einbr\u00e4nde bzw. Entstehungsbr\u00e4nde mit den vorhandenen L\u00f6schger\u00e4ten (Feuerl\u00f6scher, Gartenschlauch, &#8230;) zu bek\u00e4mpfen!<\/li>\n<li>In Brand geratene Kleidung l\u00f6schen Sie indem Sie den Brand mittels Decken oder Jacken (Achtung: keine Kunststoffmaterialien verwenden!)ersticken!<\/li>\n<li>Warten Sie auf das Eintreffen der Feuerwehr und weisen Sie den Einsatzleiter ein! Geben Sie ihm besondere Gefahren (Gasflaschen, Lager mit\u00a0 brennbaren Stoffen,&#8230;) bekannt! Helfen Sie den Einsatzkr\u00e4ften mit Ihren Orts- und Personenkenntnissen!<\/li>\n<\/ul>\n<p>&nbsp;<\/p>\n<hr \/>\n<h3>Brandklassen:<\/h3>\n<p><a href=\"https:\/\/www.ff-grossotten.at\/wp-content\/uploads\/2015\/11\/Brandklassen.jpg\"><img loading=\"lazy\" decoding=\"async\" class=\"alignleft wp-image-235 size-medium\" src=\"https:\/\/www.ff-grossotten.at\/wp-content\/uploads\/2015\/11\/Brandklassen-300x266.jpg\" alt=\"Brandklassen\" width=\"300\" height=\"266\" srcset=\"https:\/\/www.ff-grossotten.at\/wp-content\/uploads\/2015\/11\/Brandklassen-300x266.jpg 300w, https:\/\/www.ff-grossotten.at\/wp-content\/uploads\/2015\/11\/Brandklassen-1024x906.jpg 1024w, https:\/\/www.ff-grossotten.at\/wp-content\/uploads\/2015\/11\/Brandklassen-565x500.jpg 565w, https:\/\/www.ff-grossotten.at\/wp-content\/uploads\/2015\/11\/Brandklassen.jpg 1263w\" sizes=\"auto, (max-width: 300px) 100vw, 300px\" \/><\/a><\/p>\n","protected":false},"excerpt":{"rendered":"<p>Sirenensignale: \u00a0Notrufnummern: &nbsp; &nbsp; Verhalten im Brandfall: 1. Ruhe bewahren! 2. Alarmieren! Verst\u00e4ndigen Sie sofort die Feuerwehr \u00fcber den Notruf 122 3. Retten! Retten Sie gef\u00e4hrdete Personen aus den Gefahrenbereichen, <a href=\"https:\/\/www.ff-grossotten.at\/?page_id=210\" class=\"more-link\">[&hellip;]<\/a><\/p>\n","protected":false},"author":1,"featured_media":226,"parent":0,"menu_order":0,"comment_status":"closed","ping_status":"closed","template":"","meta":{"sfsi_plus_gutenberg_text_before_share":"","sfsi_plus_gutenberg_show_text_before_share":"","sfsi_plus_gutenberg_icon_type":"","sfsi_plus_gutenberg_icon_alignemt":"","sfsi_plus_gutenburg_max_per_row":"","Layout":"1c","footnotes":""},"class_list":["entry","author-admin_ffgr-otten","post-210","page","type-page","status-publish","has-post-thumbnail"],"_links":{"self":[{"href":"https:\/\/www.ff-grossotten.at\/index.php?rest_route=\/wp\/v2\/pages\/210","targetHints":{"allow":["GET"]}}],"collection":[{"href":"https:\/\/www.ff-grossotten.at\/index.php?rest_route=\/wp\/v2\/pages"}],"about":[{"href":"https:\/\/www.ff-grossotten.at\/index.php?rest_route=\/wp\/v2\/types\/page"}],"author":[{"embeddable":true,"href":"https:\/\/www.ff-grossotten.at\/index.php?rest_route=\/wp\/v2\/users\/1"}],"replies":[{"embeddable":true,"href":"https:\/\/www.ff-grossotten.at\/index.php?rest_route=%2Fwp%2Fv2%2Fcomments&post=210"}],"version-history":[{"count":42,"href":"https:\/\/www.ff-grossotten.at\/index.php?rest_route=\/wp\/v2\/pages\/210\/revisions"}],"predecessor-version":[{"id":219,"href":"https:\/\/www.ff-grossotten.at\/index.php?rest_route=\/wp\/v2\/pages\/210\/revisions\/219"}],"wp:featuredmedia":[{"embeddable":true,"href":"https:\/\/www.ff-grossotten.at\/index.php?rest_route=\/wp\/v2\/media\/226"}],"wp:attachment":[{"href":"https:\/\/www.ff-grossotten.at\/index.php?rest_route=%2Fwp%2Fv2%2Fmedia&parent=210"}],"curies":[{"name":"wp","href":"https:\/\/api.w.org\/{rel}","templated":true}]}}